{"id":125,"date":"2023-06-17T20:58:13","date_gmt":"2023-06-17T18:58:13","guid":{"rendered":"https:\/\/wikoenergia.pl\/?page_id=125"},"modified":"2023-06-18T14:40:04","modified_gmt":"2023-06-18T12:40:04","slug":"polityka-prywatnosci-2","status":"publish","type":"page","link":"https:\/\/wikoenergia.pl\/?page_id=125","title":{"rendered":"Polityka prywatno\u015bci"},"content":{"rendered":"\n<p>INFORMACJE DOTYCZ\u0104CE DANYCH OSOBOWYCH<br>&nbsp;<br>Zgodnie z art. 13. RODO &#8211; Rozporz\u0105dzeniem Parlamentu Europejskiego i Rady (UE)<br>2016\/679 z dnia 27 kwietnia 2016r. w sprawie ochrony os\u00f3b fizycznych w zwi\u0105zku z<br>przetwarzaniem danych osobowych i w sprawie swobodnego przep\u0142ywu takich danych<br>oraz uchylenia dyrektywy 95\/46\/WE (og\u00f3lne rozporz\u0105dzenie o ochronie danych), kt\u00f3re<br>b\u0119dzie stosowane od dnia 25 maja 2018 r.<br>Informujemy, \u017ce Administratorem danych jest:<br>WIKO ENERGIA SP\u00d3\u0141KA Z OGRANICZON\u0104 ODPOWIEDZIALNO\u015aCI\u0104<br>41-106 Siemianowice \u015al\u0105skie ul. Bohater\u00f3w Westerplatte 20<br>&nbsp;<br>Dane osobowe, kt\u00f3re nam Pa\u0144stwo powierzaj\u0105, b\u0119dziemy przetwarza\u0107 w<br>nast\u0119puj\u0105cych celach:<br>1.W celu niezb\u0119dnym do wykonania umowy, kt\u00f3rej s\u0105 Pa\u0144stwo stron\u0105, (zawarcie i<br>wykonanie umowy lub podj\u0119cia dzia\u0142a\u0144 przed zawarciem umowy w celu jej zawarcia<br>(przygotowanie i przedstawienie oferty), zgodnie z art. 6 ust. 1 lit b RODO.<\/p>\n\n\n\n<ol class=\"wp-block-list\" start=\"2\">\n<li>W celu niezb\u0119dnym do wype\u0142nienia obowi\u0105zku prawnego ci\u0105\u017c\u0105cego na<br>Administratorze zgodnie<br>z art. 6 ust. 1 lit c RODO.<\/li>\n\n\n\n<li>Ponadto, zgodnie z art. 6 ust. 1 lit. f RODO, przetwarzamy dane osobowe w celu<br>niezb\u0119dnym dla realizacji prawnie uzasadnionych cel\u00f3w Administratora (monitoring<br>obiektu w celu zapewnienia bezpiecze\u0144stwa, marketing oferowanych przez nas<br>produkt\u00f3w b\u0105d\u017a us\u0142ug, dochodzenie roszcze\u0144).<\/li>\n\n\n\n<li>Dodatkowo przekazane przez Pa\u0144stwa dane s\u0105 lub mog\u0105 by\u0107 przetwarzane w celu<br>wysy\u0142ania komunikacji marketingowej, informacji handlowych dotycz\u0105cych<br>Administratora, w tym pozostawania w zwyczajowym kontakcie (tj. kartki \u015bwi\u0105teczne,<br>oferty produktowe, rozmowy telefoniczne, oferty wsp\u00f3\u0142pracy, informacje o<br>\u015bwiadczonych us\u0142ug, produktach, nowo\u015bciach asortymentowych itp.) \u2013 podstaw\u0105<br>prawn\u0105 przetwarzania danych osobowych jest w takim przypadku art. 6 ust.1 lit. a i f<br>RODO, tj. zgoda osoby, kt\u00f3rej dane dotycz\u0105 (pod warunkiem wyra\u017cenia takiej zgody<br>przez osob\u0119, kt\u00f3rej dane dotycz\u0105) lub prawnie uzasadniony interes Administratora.<br>Planowany okres przechowywania danych osobowych:<br>Wszystkie dane osobowe b\u0119d\u0105 usuwane zgodnie z wymogami archiwizacji danych.<br>Zgodnie z przepisami prawa, po osi\u0105gni\u0119ciu celu b\u0105d\u017a wype\u0142nieniu obowi\u0105zku<br>prawnego Administratora zostan\u0105 one usuni\u0119te.<br>&nbsp;<br>Prawa osoby, kt\u00f3rej dotycz\u0105 dane osobowe:<br>Informujemy, i\u017c w zwi\u0105zku z przetwarzaniem Pa\u0144stwa danych osobowych przys\u0142uguj\u0105<br>Pa\u0144stwu nast\u0119puj\u0105ce prawa:<\/li>\n<\/ol>\n\n\n\n<p>&nbsp;<br>Posiadaj\u0105 Pa\u0144stwo prawo dost\u0119pu do tre\u015bci swoich danych oraz prawo ich<br>sprostowania, usuni\u0119cia ograniczenia przetwarzania, prawo do przenoszenia danych<br>przetwarzanych w systemach informatycznych, prawo wniesienia sprzeciwu, prawo do<br>wycofania zgody (bez wp\u0142ywu na zgodno\u015b\u0107 przetwarzania, kt\u00f3rego dokonano przed jej<br>wycofaniem), prawo wniesienia skargi do organu nadzorczego.<br>&nbsp;<br>Kategorie odbiorc\u00f3w danych \/podmiot\u00f3w przetwarzaj\u0105cych dane osobowe:<br>Odbiorc\u0105 Pa\u0144stwa danych osobowych b\u0119d\u0105 organy uprawnione na mocy przepis\u00f3w<br>prawa (w tym: S\u0105dy, Policja, Prokuratura, organy egzekucyjne, ograny administracji),<br>firmy windykacyjne, banki, operatorzy pocztowi, przewo\u017anicy, firmy archiwizuj\u0105ce<br>dokumenty, \u015bwiadcz\u0105ce us\u0142ugi techniczne, informatyczne<br>Pa\u0144stwa dane nie b\u0119d\u0105 przetwarzane w spos\u00f3b zautomatyzowany, w tym profilowaniu.<br>Dane nie s\u0105 przekazywane do pa\u0144stw trzecich i organizacji mi\u0119dzynarodowych.<\/p>\n","protected":false},"excerpt":{"rendered":"<p>INFORMACJE DOTYCZ\u0104CE DANYCH OSOBOWYCH&nbsp;Zgodnie z art. 13. RODO &#8211; Rozporz\u0105dzeniem Parlamentu Europejskiego i Rady (UE)2016\/679 z dnia 27 kwietnia 2016r. w sprawie ochrony os\u00f3b fizycznych w zwi\u0105zku zprzetwarzaniem danych osobowych i w sprawie swobodnego przep\u0142ywu takich danychoraz uchylenia dyrektywy 95\/46\/WE (og\u00f3lne rozporz\u0105dzenie o ochronie danych), kt\u00f3reb\u0119dzie stosowane od dnia 25 maja 2018 r.Informujemy, \u017ce Administratorem [&hellip;]<\/p>\n","protected":false},"author":1,"featured_media":0,"parent":0,"menu_order":0,"comment_status":"closed","ping_status":"closed","template":"","meta":{"footnotes":""},"class_list":["post-125","page","type-page","status-publish","hentry"],"yoast_head":"<!-- This site is optimized with the Yoast SEO plugin v24.7 - https:\/\/yoast.com\/wordpress\/plugins\/seo\/ -->\n<title>Polityka prywatno\u015bci - Wiko Energia<\/title>\n<meta name=\"robots\" content=\"index, follow, max-snippet:-1, max-image-preview:large, max-video-preview:-1\" \/>\n<link rel=\"canonical\" href=\"https:\/\/wikoenergia.pl\/?page_id=125\" \/>\n<meta property=\"og:locale\" content=\"pl_PL\" \/>\n<meta property=\"og:type\" content=\"article\" \/>\n<meta property=\"og:title\" content=\"Polityka prywatno\u015bci - Wiko Energia\" \/>\n<meta property=\"og:description\" content=\"INFORMACJE DOTYCZ\u0104CE DANYCH OSOBOWYCH&nbsp;Zgodnie z art. 13. RODO &#8211; Rozporz\u0105dzeniem Parlamentu Europejskiego i Rady (UE)2016\/679 z dnia 27 kwietnia 2016r. w sprawie ochrony os\u00f3b fizycznych w zwi\u0105zku zprzetwarzaniem danych osobowych i w sprawie swobodnego przep\u0142ywu takich danychoraz uchylenia dyrektywy 95\/46\/WE (og\u00f3lne rozporz\u0105dzenie o ochronie danych), kt\u00f3reb\u0119dzie stosowane od dnia 25 maja 2018 r.Informujemy, \u017ce Administratorem [&hellip;]\" \/>\n<meta property=\"og:url\" content=\"https:\/\/wikoenergia.pl\/?page_id=125\" \/>\n<meta property=\"og:site_name\" content=\"Wiko Energia\" \/>\n<meta property=\"article:modified_time\" content=\"2023-06-18T12:40:04+00:00\" \/>\n<meta name=\"twitter:card\" content=\"summary_large_image\" \/>\n<meta name=\"twitter:label1\" content=\"Szacowany czas czytania\" \/>\n\t<meta name=\"twitter:data1\" content=\"3 minuty\" \/>\n<script type=\"application\/ld+json\" class=\"yoast-schema-graph\">{\"@context\":\"https:\/\/schema.org\",\"@graph\":[{\"@type\":\"WebPage\",\"@id\":\"https:\/\/wikoenergia.pl\/?page_id=125\",\"url\":\"https:\/\/wikoenergia.pl\/?page_id=125\",\"name\":\"Polityka prywatno\u015bci - Wiko Energia\",\"isPartOf\":{\"@id\":\"https:\/\/wikoenergia.pl\/#website\"},\"datePublished\":\"2023-06-17T18:58:13+00:00\",\"dateModified\":\"2023-06-18T12:40:04+00:00\",\"breadcrumb\":{\"@id\":\"https:\/\/wikoenergia.pl\/?page_id=125#breadcrumb\"},\"inLanguage\":\"pl-PL\",\"potentialAction\":[{\"@type\":\"ReadAction\",\"target\":[\"https:\/\/wikoenergia.pl\/?page_id=125\"]}]},{\"@type\":\"BreadcrumbList\",\"@id\":\"https:\/\/wikoenergia.pl\/?page_id=125#breadcrumb\",\"itemListElement\":[{\"@type\":\"ListItem\",\"position\":1,\"name\":\"Home\",\"item\":\"https:\/\/wikoenergia.pl\/\"},{\"@type\":\"ListItem\",\"position\":2,\"name\":\"Polityka prywatno\u015bci\"}]},{\"@type\":\"WebSite\",\"@id\":\"https:\/\/wikoenergia.pl\/#website\",\"url\":\"https:\/\/wikoenergia.pl\/\",\"name\":\"Wiko Energia\",\"description\":\"\",\"publisher\":{\"@id\":\"https:\/\/wikoenergia.pl\/#organization\"},\"potentialAction\":[{\"@type\":\"SearchAction\",\"target\":{\"@type\":\"EntryPoint\",\"urlTemplate\":\"https:\/\/wikoenergia.pl\/?s={search_term_string}\"},\"query-input\":{\"@type\":\"PropertyValueSpecification\",\"valueRequired\":true,\"valueName\":\"search_term_string\"}}],\"inLanguage\":\"pl-PL\"},{\"@type\":\"Organization\",\"@id\":\"https:\/\/wikoenergia.pl\/#organization\",\"name\":\"Wiko Energia\",\"url\":\"https:\/\/wikoenergia.pl\/\",\"logo\":{\"@type\":\"ImageObject\",\"inLanguage\":\"pl-PL\",\"@id\":\"https:\/\/wikoenergia.pl\/#\/schema\/logo\/image\/\",\"url\":\"https:\/\/wikoenergia.pl\/wp-content\/uploads\/2023\/06\/wiko-energia.png\",\"contentUrl\":\"https:\/\/wikoenergia.pl\/wp-content\/uploads\/2023\/06\/wiko-energia.png\",\"width\":888,\"height\":486,\"caption\":\"Wiko Energia\"},\"image\":{\"@id\":\"https:\/\/wikoenergia.pl\/#\/schema\/logo\/image\/\"}}]}<\/script>\n<!-- \/ Yoast SEO plugin. -->","yoast_head_json":{"title":"Polityka prywatno\u015bci - Wiko Energia","robots":{"index":"index","follow":"follow","max-snippet":"max-snippet:-1","max-image-preview":"max-image-preview:large","max-video-preview":"max-video-preview:-1"},"canonical":"https:\/\/wikoenergia.pl\/?page_id=125","og_locale":"pl_PL","og_type":"article","og_title":"Polityka prywatno\u015bci - Wiko Energia","og_description":"INFORMACJE DOTYCZ\u0104CE DANYCH OSOBOWYCH&nbsp;Zgodnie z art. 13. RODO &#8211; Rozporz\u0105dzeniem Parlamentu Europejskiego i Rady (UE)2016\/679 z dnia 27 kwietnia 2016r. w sprawie ochrony os\u00f3b fizycznych w zwi\u0105zku zprzetwarzaniem danych osobowych i w sprawie swobodnego przep\u0142ywu takich danychoraz uchylenia dyrektywy 95\/46\/WE (og\u00f3lne rozporz\u0105dzenie o ochronie danych), kt\u00f3reb\u0119dzie stosowane od dnia 25 maja 2018 r.Informujemy, \u017ce Administratorem [&hellip;]","og_url":"https:\/\/wikoenergia.pl\/?page_id=125","og_site_name":"Wiko Energia","article_modified_time":"2023-06-18T12:40:04+00:00","twitter_card":"summary_large_image","twitter_misc":{"Szacowany czas czytania":"3 minuty"},"schema":{"@context":"https:\/\/schema.org","@graph":[{"@type":"WebPage","@id":"https:\/\/wikoenergia.pl\/?page_id=125","url":"https:\/\/wikoenergia.pl\/?page_id=125","name":"Polityka prywatno\u015bci - Wiko Energia","isPartOf":{"@id":"https:\/\/wikoenergia.pl\/#website"},"datePublished":"2023-06-17T18:58:13+00:00","dateModified":"2023-06-18T12:40:04+00:00","breadcrumb":{"@id":"https:\/\/wikoenergia.pl\/?page_id=125#breadcrumb"},"inLanguage":"pl-PL","potentialAction":[{"@type":"ReadAction","target":["https:\/\/wikoenergia.pl\/?page_id=125"]}]},{"@type":"BreadcrumbList","@id":"https:\/\/wikoenergia.pl\/?page_id=125#breadcrumb","itemListElement":[{"@type":"ListItem","position":1,"name":"Home","item":"https:\/\/wikoenergia.pl\/"},{"@type":"ListItem","position":2,"name":"Polityka prywatno\u015bci"}]},{"@type":"WebSite","@id":"https:\/\/wikoenergia.pl\/#website","url":"https:\/\/wikoenergia.pl\/","name":"Wiko Energia","description":"","publisher":{"@id":"https:\/\/wikoenergia.pl\/#organization"},"potentialAction":[{"@type":"SearchAction","target":{"@type":"EntryPoint","urlTemplate":"https:\/\/wikoenergia.pl\/?s={search_term_string}"},"query-input":{"@type":"PropertyValueSpecification","valueRequired":true,"valueName":"search_term_string"}}],"inLanguage":"pl-PL"},{"@type":"Organization","@id":"https:\/\/wikoenergia.pl\/#organization","name":"Wiko Energia","url":"https:\/\/wikoenergia.pl\/","logo":{"@type":"ImageObject","inLanguage":"pl-PL","@id":"https:\/\/wikoenergia.pl\/#\/schema\/logo\/image\/","url":"https:\/\/wikoenergia.pl\/wp-content\/uploads\/2023\/06\/wiko-energia.png","contentUrl":"https:\/\/wikoenergia.pl\/wp-content\/uploads\/2023\/06\/wiko-energia.png","width":888,"height":486,"caption":"Wiko Energia"},"image":{"@id":"https:\/\/wikoenergia.pl\/#\/schema\/logo\/image\/"}}]}},"_links":{"self":[{"href":"https:\/\/wikoenergia.pl\/index.php?rest_route=\/wp\/v2\/pages\/125","targetHints":{"allow":["GET"]}}],"collection":[{"href":"https:\/\/wikoenergia.pl\/index.php?rest_route=\/wp\/v2\/pages"}],"about":[{"href":"https:\/\/wikoenergia.pl\/index.php?rest_route=\/wp\/v2\/types\/page"}],"author":[{"embeddable":true,"href":"https:\/\/wikoenergia.pl\/index.php?rest_route=\/wp\/v2\/users\/1"}],"replies":[{"embeddable":true,"href":"https:\/\/wikoenergia.pl\/index.php?rest_route=%2Fwp%2Fv2%2Fcomments&post=125"}],"version-history":[{"count":1,"href":"https:\/\/wikoenergia.pl\/index.php?rest_route=\/wp\/v2\/pages\/125\/revisions"}],"predecessor-version":[{"id":126,"href":"https:\/\/wikoenergia.pl\/index.php?rest_route=\/wp\/v2\/pages\/125\/revisions\/126"}],"wp:attachment":[{"href":"https:\/\/wikoenergia.pl\/index.php?rest_route=%2Fwp%2Fv2%2Fmedia&parent=125"}],"curies":[{"name":"wp","href":"https:\/\/api.w.org\/{rel}","templated":true}]}}