{"id":14,"date":"2023-06-12T11:01:40","date_gmt":"2023-06-12T09:01:40","guid":{"rendered":"https:\/\/wikoenergia.pl\/?page_id=14"},"modified":"2023-06-19T19:49:17","modified_gmt":"2023-06-19T17:49:17","slug":"kontakt","status":"publish","type":"page","link":"https:\/\/wikoenergia.pl\/?page_id=14","title":{"rendered":"Kontakt"},"content":{"rendered":"\n<div class=\"wp-block-columns alignfull is-layout-flex wp-container-core-columns-is-layout-28f84493 wp-block-columns-is-layout-flex\">\n<div class=\"wp-block-column is-layout-flow wp-block-column-is-layout-flow\">\n<iframe src=\"https:\/\/www.google.com\/maps\/embed?pb=!1m17!1m12!1m3!1d2548.2414119822497!2d19.011839115726094!3d50.306086779455654!2m3!1f0!2f0!3f0!3m2!1i1024!2i768!4f13.1!3m2!1m1!2zNTDCsDE4JzIxLjkiTiAxOcKwMDAnNTAuNSJF!5e0!3m2!1spl!2spl!4v1687191685560!5m2!1spl!2spl\" width=\"100%\" height=\"400\" style=\"border:0;\" allowfullscreen=\"\" loading=\"lazy\" referrerpolicy=\"no-referrer-when-downgrade\"><\/iframe>\n\n\n\n<p><\/p>\n<\/div>\n<\/div>\n\n\n\n<div class=\"wp-block-columns container is-layout-flex wp-container-core-columns-is-layout-28f84493 wp-block-columns-is-layout-flex\">\n<div class=\"wp-block-column is-vertically-aligned-center is-layout-flow wp-block-column-is-layout-flow\">\n<h2 class=\"wp-block-heading hestia-title\">Wy\u015blij nam wiadomo\u015b\u0107<\/h2>\n\n\n<div class=\"wpforms-container wpforms-container-full wpforms-block wpforms-block-625072a0-cccd-4242-b065-41123c8b5592 wpforms-render-modern\" id=\"wpforms-155\"><form id=\"wpforms-form-155\" class=\"wpforms-validate wpforms-form wpforms-ajax-form\" data-formid=\"155\" method=\"post\" enctype=\"multipart\/form-data\" action=\"\/index.php?rest_route=%2Fwp%2Fv2%2Fpages%2F14\" data-token=\"51ed51e13b0af96b2ce78a965ff0f10c\" data-token-time=\"1776427132\"><noscript class=\"wpforms-error-noscript\">Aby wype\u0142ni\u0107 ten formularz, w\u0142\u0105cz obs\u0142ug\u0119 JavaScript w przegl\u0105darce.<\/noscript><div class=\"wpforms-hidden\" id=\"wpforms-error-noscript\">Aby wype\u0142ni\u0107 ten formularz, w\u0142\u0105cz obs\u0142ug\u0119 JavaScript w przegl\u0105darce.<\/div><div class=\"wpforms-field-container\"><div id=\"wpforms-155-field_1-container\" class=\"wpforms-field wpforms-field-name\" data-field-id=\"1\"><fieldset><legend class=\"wpforms-field-label\">Imi\u0119 i nazwisko <span class=\"wpforms-required-label\" aria-hidden=\"true\">*<\/span><\/legend><div class=\"wpforms-field-row wpforms-field-medium\"><div class=\"wpforms-field-row-block wpforms-first wpforms-one-half\"><input type=\"text\" id=\"wpforms-155-field_1\" class=\"wpforms-field-name-first wpforms-field-required\" name=\"wpforms[fields][1][first]\" placeholder=\"Wpisz imi\u0119\" aria-errormessage=\"wpforms-155-field_1-error\" required><label for=\"wpforms-155-field_1\" class=\"wpforms-field-sublabel after\">Imi\u0119<\/label><\/div><div class=\"wpforms-field-row-block wpforms-one-half\"><input type=\"text\" id=\"wpforms-155-field_1-last\" class=\"wpforms-field-name-last wpforms-field-required\" name=\"wpforms[fields][1][last]\" placeholder=\"Wpisz nazwisko\" aria-errormessage=\"wpforms-155-field_1-last-error\" required><label for=\"wpforms-155-field_1-last\" class=\"wpforms-field-sublabel after\">Nazwisko<\/label><\/div><\/div><\/fieldset><\/div><div id=\"wpforms-155-field_2-container\" class=\"wpforms-field wpforms-field-email\" data-field-id=\"2\"><label class=\"wpforms-field-label\" for=\"wpforms-155-field_2\">E-mail <span class=\"wpforms-required-label\" aria-hidden=\"true\">*<\/span><\/label><input type=\"email\" id=\"wpforms-155-field_2\" class=\"wpforms-field-medium wpforms-field-required\" name=\"wpforms[fields][2]\" placeholder=\"Wprowad\u017a tw\u00f3j adres e-mail\" spellcheck=\"false\" aria-errormessage=\"wpforms-155-field_2-error\" required><\/div><div id=\"wpforms-155-field_3-container\" class=\"wpforms-field wpforms-field-text\" data-field-id=\"3\"><label class=\"wpforms-field-label\" for=\"wpforms-155-field_3\">Temat <span class=\"wpforms-required-label\" aria-hidden=\"true\">*<\/span><\/label><input type=\"text\" id=\"wpforms-155-field_3\" class=\"wpforms-field-medium wpforms-field-required\" name=\"wpforms[fields][3]\" placeholder=\"Wpisz temat wiadomo\u015b\u0107i\" aria-errormessage=\"wpforms-155-field_3-error\" required><\/div><div id=\"wpforms-155-field_4-container\" class=\"wpforms-field wpforms-field-textarea\" data-field-id=\"4\"><label class=\"wpforms-field-label\" for=\"wpforms-155-field_4\">Tre\u015b\u0107 wiadomo\u015bci <span class=\"wpforms-required-label\" aria-hidden=\"true\">*<\/span><\/label><textarea id=\"wpforms-155-field_4\" class=\"wpforms-field-medium wpforms-field-required\" name=\"wpforms[fields][4]\" placeholder=\"Wpisz twoj\u0105 wiadomo\u015b\u0107 do nas\" aria-errormessage=\"wpforms-155-field_4-error\" required><\/textarea><\/div><\/div><!-- .wpforms-field-container --><div class=\"wpforms-recaptcha-container wpforms-is-recaptcha wpforms-is-recaptcha-type-v3\" ><input type=\"hidden\" name=\"wpforms[recaptcha]\" value=\"\"><\/div><div class=\"wpforms-submit-container\" ><input type=\"hidden\" name=\"wpforms[id]\" value=\"155\"><input type=\"hidden\" name=\"page_title\" value=\"\"><input type=\"hidden\" name=\"page_url\" value=\"https:\/\/wikoenergia.pl\/index.php?rest_route=\/wp\/v2\/pages\/14\"><input type=\"hidden\" name=\"url_referer\" value=\"\"><button type=\"submit\" name=\"wpforms[submit]\" id=\"wpforms-submit-155\" class=\"wpforms-submit\" data-alt-text=\"Wysy\u0142anie...\" data-submit-text=\"Prze\u015blij\" aria-live=\"assertive\" value=\"wpforms-submit\">Prze\u015blij<\/button><img decoding=\"async\" src=\"https:\/\/wikoenergia.pl\/wp-content\/plugins\/wpforms-lite\/assets\/images\/submit-spin.svg\" class=\"wpforms-submit-spinner\" style=\"display: none;\" width=\"26\" height=\"26\" alt=\"Wczytywanie\"><\/div><\/form><\/div>  <!-- .wpforms-container -->\n\n\n<div style=\"height:40px\" aria-hidden=\"true\" class=\"wp-block-spacer\"><\/div>\n<\/div>\n\n\n\n<div class=\"wp-block-column is-vertically-aligned-center is-layout-flow wp-block-column-is-layout-flow\">\n<div class=\"wp-block-columns is-layout-flex wp-container-core-columns-is-layout-28f84493 wp-block-columns-is-layout-flex\">\n<div class=\"wp-block-column is-layout-flow wp-block-column-is-layout-flow\"><\/div>\n\n\n\n<div class=\"wp-block-column is-layout-flow wp-block-column-is-layout-flow\" style=\"flex-basis:50%\">\n<h4 class=\"wp-block-heading has-text-align-left hestia-title has-text-color\" style=\"color:#3c4858;font-size:18px\"> <img decoding=\"async\" width=\"25\" height=\"26\" class=\"wp-image-168\" style=\"width: 25px;\" src=\"https:\/\/wikoenergia.pl\/wp-content\/uploads\/2023\/06\/adres.png\" alt=\"\" srcset=\"https:\/\/wikoenergia.pl\/wp-content\/uploads\/2023\/06\/adres.png 220w, https:\/\/wikoenergia.pl\/wp-content\/uploads\/2023\/06\/adres-150x150.png 150w\" sizes=\"(max-width: 25px) 100vw, 25px\" \/><strong><strong>Zna<\/strong>jd\u017a nas<\/strong><\/h4>\n\n\n\n<p class=\"has-text-align-left has-text-color\" style=\"color:#999999;font-size:14px\">ul. Westerplatte 20<br>Siemianowice \u015al\u0105skie 41-100<br>Polska<\/p>\n\n\n\n<div style=\"height:40px\" aria-hidden=\"true\" class=\"wp-block-spacer\"><\/div>\n\n\n\n<h4 class=\"wp-block-heading has-text-align-left hestia-title has-text-color\" style=\"color:#3c4858;font-size:18px\"><img decoding=\"async\" class=\"wp-image-98\" style=\"width: 25px;\" src=\"https:\/\/wikoenergia.pl\/wp-content\/themes\/hestia\/assets\/img\/contact2.png\" alt=\"\"> <img decoding=\"async\" width=\"25\" height=\"26\" class=\"wp-image-170\" style=\"width: 25px;\" src=\"https:\/\/wikoenergia.pl\/wp-content\/uploads\/2023\/06\/tel.png\" alt=\"\" srcset=\"https:\/\/wikoenergia.pl\/wp-content\/uploads\/2023\/06\/tel.png 220w, https:\/\/wikoenergia.pl\/wp-content\/uploads\/2023\/06\/tel-150x150.png 150w\" sizes=\"(max-width: 25px) 100vw, 25px\" \/> Zadzwo\u0144 do nas<\/h4>\n\n\n\n<p class=\"has-text-align-left has-text-color\" style=\"color:#999999;font-size:14px\"><a href=\"tel:504-388-938\">+48 504-388-938<\/a><br><a href=\"tel:501-399-074\">+48 501-399-074<\/a><\/p>\n\n\n\n<div style=\"height:40px\" aria-hidden=\"true\" class=\"wp-block-spacer\"><\/div>\n\n\n\n<h4 class=\"wp-block-heading has-text-align-left hestia-title has-text-color\" style=\"color:#3c4858;font-size:18px\"><img decoding=\"async\" class=\"wp-image-105\" style=\"width: 25px;\" src=\"https:\/\/wikoenergia.pl\/wp-content\/themes\/hestia\/assets\/img\/contact3.png\" alt=\"\"><img loading=\"lazy\" decoding=\"async\" width=\"25\" height=\"26\" class=\"wp-image-169\" style=\"width: 25px;\" src=\"https:\/\/wikoenergia.pl\/wp-content\/uploads\/2023\/06\/dane.png\" alt=\"\" srcset=\"https:\/\/wikoenergia.pl\/wp-content\/uploads\/2023\/06\/dane.png 220w, https:\/\/wikoenergia.pl\/wp-content\/uploads\/2023\/06\/dane-150x150.png 150w\" sizes=\"(max-width: 25px) 100vw, 25px\" \/> <strong><strong>Wiko Energia Sp. z o. o.<\/strong><\/strong><\/h4>\n\n\n\n<p class=\"has-text-align-left has-text-color\" style=\"color:#999999;font-size:14px\">NIP: 6431779741<br>KRS: 0001029635<br>BDO: 000601109<\/p>\n<\/div>\n\n\n\n<div class=\"wp-block-column is-layout-flow wp-block-column-is-layout-flow\"><\/div>\n<\/div>\n<\/div>\n<\/div>\n\n\n\n<p><\/p>\n","protected":false},"excerpt":{"rendered":"<p>Wy\u015blij nam wiadomo\u015b\u0107 Znajd\u017a nas ul. Westerplatte 20Siemianowice \u015al\u0105skie 41-100Polska Zadzwo\u0144 do nas +48 504-388-938+48 501-399-074 Wiko Energia Sp. z o. o. NIP: 6431779741KRS: 0001029635BDO: 000601109<\/p>\n","protected":false},"author":1,"featured_media":0,"parent":0,"menu_order":0,"comment_status":"closed","ping_status":"closed","template":"","meta":{"footnotes":""},"class_list":["post-14","page","type-page","status-publish","hentry"],"yoast_head":"<!-- This site is optimized with the Yoast SEO plugin v24.7 - https:\/\/yoast.com\/wordpress\/plugins\/seo\/ -->\n<title>Kontakt - Wiko Energia<\/title>\n<meta name=\"robots\" content=\"index, follow, max-snippet:-1, max-image-preview:large, max-video-preview:-1\" \/>\n<link rel=\"canonical\" href=\"https:\/\/wikoenergia.pl\/?page_id=14\" \/>\n<meta property=\"og:locale\" content=\"pl_PL\" \/>\n<meta property=\"og:type\" content=\"article\" \/>\n<meta property=\"og:title\" content=\"Kontakt - Wiko Energia\" \/>\n<meta property=\"og:description\" content=\"Wy\u015blij nam wiadomo\u015b\u0107 Znajd\u017a nas ul. Westerplatte 20Siemianowice \u015al\u0105skie 41-100Polska Zadzwo\u0144 do nas +48 504-388-938+48 501-399-074 Wiko Energia Sp. z o. o. NIP: 6431779741KRS: 0001029635BDO: 000601109\" \/>\n<meta property=\"og:url\" content=\"https:\/\/wikoenergia.pl\/?page_id=14\" \/>\n<meta property=\"og:site_name\" content=\"Wiko Energia\" \/>\n<meta property=\"article:modified_time\" content=\"2023-06-19T17:49:17+00:00\" \/>\n<meta property=\"og:image\" content=\"https:\/\/wikoenergia.pl\/wp-content\/uploads\/2023\/06\/adres.png\" \/>\n<meta name=\"twitter:card\" content=\"summary_large_image\" \/>\n<meta name=\"twitter:label1\" content=\"Szacowany czas czytania\" \/>\n\t<meta name=\"twitter:data1\" content=\"2 minuty\" \/>\n<script type=\"application\/ld+json\" class=\"yoast-schema-graph\">{\"@context\":\"https:\/\/schema.org\",\"@graph\":[{\"@type\":\"WebPage\",\"@id\":\"https:\/\/wikoenergia.pl\/?page_id=14\",\"url\":\"https:\/\/wikoenergia.pl\/?page_id=14\",\"name\":\"Kontakt - Wiko Energia\",\"isPartOf\":{\"@id\":\"https:\/\/wikoenergia.pl\/#website\"},\"primaryImageOfPage\":{\"@id\":\"https:\/\/wikoenergia.pl\/?page_id=14#primaryimage\"},\"image\":{\"@id\":\"https:\/\/wikoenergia.pl\/?page_id=14#primaryimage\"},\"thumbnailUrl\":\"https:\/\/wikoenergia.pl\/wp-content\/uploads\/2023\/06\/adres.png\",\"datePublished\":\"2023-06-12T09:01:40+00:00\",\"dateModified\":\"2023-06-19T17:49:17+00:00\",\"breadcrumb\":{\"@id\":\"https:\/\/wikoenergia.pl\/?page_id=14#breadcrumb\"},\"inLanguage\":\"pl-PL\",\"potentialAction\":[{\"@type\":\"ReadAction\",\"target\":[\"https:\/\/wikoenergia.pl\/?page_id=14\"]}]},{\"@type\":\"ImageObject\",\"inLanguage\":\"pl-PL\",\"@id\":\"https:\/\/wikoenergia.pl\/?page_id=14#primaryimage\",\"url\":\"https:\/\/wikoenergia.pl\/wp-content\/uploads\/2023\/06\/adres.png\",\"contentUrl\":\"https:\/\/wikoenergia.pl\/wp-content\/uploads\/2023\/06\/adres.png\",\"width\":220,\"height\":228},{\"@type\":\"BreadcrumbList\",\"@id\":\"https:\/\/wikoenergia.pl\/?page_id=14#breadcrumb\",\"itemListElement\":[{\"@type\":\"ListItem\",\"position\":1,\"name\":\"Home\",\"item\":\"https:\/\/wikoenergia.pl\/\"},{\"@type\":\"ListItem\",\"position\":2,\"name\":\"Kontakt\"}]},{\"@type\":\"WebSite\",\"@id\":\"https:\/\/wikoenergia.pl\/#website\",\"url\":\"https:\/\/wikoenergia.pl\/\",\"name\":\"Wiko Energia\",\"description\":\"\",\"publisher\":{\"@id\":\"https:\/\/wikoenergia.pl\/#organization\"},\"potentialAction\":[{\"@type\":\"SearchAction\",\"target\":{\"@type\":\"EntryPoint\",\"urlTemplate\":\"https:\/\/wikoenergia.pl\/?s={search_term_string}\"},\"query-input\":{\"@type\":\"PropertyValueSpecification\",\"valueRequired\":true,\"valueName\":\"search_term_string\"}}],\"inLanguage\":\"pl-PL\"},{\"@type\":\"Organization\",\"@id\":\"https:\/\/wikoenergia.pl\/#organization\",\"name\":\"Wiko Energia\",\"url\":\"https:\/\/wikoenergia.pl\/\",\"logo\":{\"@type\":\"ImageObject\",\"inLanguage\":\"pl-PL\",\"@id\":\"https:\/\/wikoenergia.pl\/#\/schema\/logo\/image\/\",\"url\":\"https:\/\/wikoenergia.pl\/wp-content\/uploads\/2023\/06\/wiko-energia.png\",\"contentUrl\":\"https:\/\/wikoenergia.pl\/wp-content\/uploads\/2023\/06\/wiko-energia.png\",\"width\":888,\"height\":486,\"caption\":\"Wiko Energia\"},\"image\":{\"@id\":\"https:\/\/wikoenergia.pl\/#\/schema\/logo\/image\/\"}}]}<\/script>\n<!-- \/ Yoast SEO plugin. -->","yoast_head_json":{"title":"Kontakt - Wiko Energia","robots":{"index":"index","follow":"follow","max-snippet":"max-snippet:-1","max-image-preview":"max-image-preview:large","max-video-preview":"max-video-preview:-1"},"canonical":"https:\/\/wikoenergia.pl\/?page_id=14","og_locale":"pl_PL","og_type":"article","og_title":"Kontakt - Wiko Energia","og_description":"Wy\u015blij nam wiadomo\u015b\u0107 Znajd\u017a nas ul. Westerplatte 20Siemianowice \u015al\u0105skie 41-100Polska Zadzwo\u0144 do nas +48 504-388-938+48 501-399-074 Wiko Energia Sp. z o. o. NIP: 6431779741KRS: 0001029635BDO: 000601109","og_url":"https:\/\/wikoenergia.pl\/?page_id=14","og_site_name":"Wiko Energia","article_modified_time":"2023-06-19T17:49:17+00:00","og_image":[{"url":"https:\/\/wikoenergia.pl\/wp-content\/uploads\/2023\/06\/adres.png","type":"","width":"","height":""}],"twitter_card":"summary_large_image","twitter_misc":{"Szacowany czas czytania":"2 minuty"},"schema":{"@context":"https:\/\/schema.org","@graph":[{"@type":"WebPage","@id":"https:\/\/wikoenergia.pl\/?page_id=14","url":"https:\/\/wikoenergia.pl\/?page_id=14","name":"Kontakt - Wiko Energia","isPartOf":{"@id":"https:\/\/wikoenergia.pl\/#website"},"primaryImageOfPage":{"@id":"https:\/\/wikoenergia.pl\/?page_id=14#primaryimage"},"image":{"@id":"https:\/\/wikoenergia.pl\/?page_id=14#primaryimage"},"thumbnailUrl":"https:\/\/wikoenergia.pl\/wp-content\/uploads\/2023\/06\/adres.png","datePublished":"2023-06-12T09:01:40+00:00","dateModified":"2023-06-19T17:49:17+00:00","breadcrumb":{"@id":"https:\/\/wikoenergia.pl\/?page_id=14#breadcrumb"},"inLanguage":"pl-PL","potentialAction":[{"@type":"ReadAction","target":["https:\/\/wikoenergia.pl\/?page_id=14"]}]},{"@type":"ImageObject","inLanguage":"pl-PL","@id":"https:\/\/wikoenergia.pl\/?page_id=14#primaryimage","url":"https:\/\/wikoenergia.pl\/wp-content\/uploads\/2023\/06\/adres.png","contentUrl":"https:\/\/wikoenergia.pl\/wp-content\/uploads\/2023\/06\/adres.png","width":220,"height":228},{"@type":"BreadcrumbList","@id":"https:\/\/wikoenergia.pl\/?page_id=14#breadcrumb","itemListElement":[{"@type":"ListItem","position":1,"name":"Home","item":"https:\/\/wikoenergia.pl\/"},{"@type":"ListItem","position":2,"name":"Kontakt"}]},{"@type":"WebSite","@id":"https:\/\/wikoenergia.pl\/#website","url":"https:\/\/wikoenergia.pl\/","name":"Wiko Energia","description":"","publisher":{"@id":"https:\/\/wikoenergia.pl\/#organization"},"potentialAction":[{"@type":"SearchAction","target":{"@type":"EntryPoint","urlTemplate":"https:\/\/wikoenergia.pl\/?s={search_term_string}"},"query-input":{"@type":"PropertyValueSpecification","valueRequired":true,"valueName":"search_term_string"}}],"inLanguage":"pl-PL"},{"@type":"Organization","@id":"https:\/\/wikoenergia.pl\/#organization","name":"Wiko Energia","url":"https:\/\/wikoenergia.pl\/","logo":{"@type":"ImageObject","inLanguage":"pl-PL","@id":"https:\/\/wikoenergia.pl\/#\/schema\/logo\/image\/","url":"https:\/\/wikoenergia.pl\/wp-content\/uploads\/2023\/06\/wiko-energia.png","contentUrl":"https:\/\/wikoenergia.pl\/wp-content\/uploads\/2023\/06\/wiko-energia.png","width":888,"height":486,"caption":"Wiko Energia"},"image":{"@id":"https:\/\/wikoenergia.pl\/#\/schema\/logo\/image\/"}}]}},"_links":{"self":[{"href":"https:\/\/wikoenergia.pl\/index.php?rest_route=\/wp\/v2\/pages\/14","targetHints":{"allow":["GET"]}}],"collection":[{"href":"https:\/\/wikoenergia.pl\/index.php?rest_route=\/wp\/v2\/pages"}],"about":[{"href":"https:\/\/wikoenergia.pl\/index.php?rest_route=\/wp\/v2\/types\/page"}],"author":[{"embeddable":true,"href":"https:\/\/wikoenergia.pl\/index.php?rest_route=\/wp\/v2\/users\/1"}],"replies":[{"embeddable":true,"href":"https:\/\/wikoenergia.pl\/index.php?rest_route=%2Fwp%2Fv2%2Fcomments&post=14"}],"version-history":[{"count":10,"href":"https:\/\/wikoenergia.pl\/index.php?rest_route=\/wp\/v2\/pages\/14\/revisions"}],"predecessor-version":[{"id":178,"href":"https:\/\/wikoenergia.pl\/index.php?rest_route=\/wp\/v2\/pages\/14\/revisions\/178"}],"wp:attachment":[{"href":"https:\/\/wikoenergia.pl\/index.php?rest_route=%2Fwp%2Fv2%2Fmedia&parent=14"}],"curies":[{"name":"wp","href":"https:\/\/api.w.org\/{rel}","templated":true}]}}