{"id":189,"date":"2023-11-23T12:28:50","date_gmt":"2023-11-23T11:28:50","guid":{"rendered":"https:\/\/wikoenergia.pl\/?page_id=189"},"modified":"2025-05-07T18:19:03","modified_gmt":"2025-05-07T16:19:03","slug":"sprzedaz-2","status":"publish","type":"page","link":"https:\/\/wikoenergia.pl\/?page_id=189","title":{"rendered":"Sprzeda\u017c"},"content":{"rendered":"\n<h2 class=\"wp-block-heading\">Dzi\u0119ki wieloletniemu do\u015bwiadczeniu, kontaktom oraz wsp\u00f3\u0142pracy z producentami zajmujemy si\u0119 r\u00f3wnie\u017c sprzeda\u017c\u0105 paneli fotowoltaicznych oraz magazyn\u00f3w energii i falownik\u00f3w. Jeste\u015bmy bezpo\u015brednim importerem z Chin paneli firmy Kingdom Solar oraz magazyn\u00f3w energii i falownik\u00f3w firmy CSE. Posiadamy w swojej ofercie panele, magazyny energii i falowniki o r\u00f3\u017cnych mocach, parametrach i w\u0142a\u015bciwo\u015bciach.<\/h2>\n\n\n\n<figure class=\"wp-block-image aligncenter size-large\"><img fetchpriority=\"high\" decoding=\"async\" width=\"1024\" height=\"674\" src=\"https:\/\/wikoenergia.pl\/wp-content\/uploads\/2023\/06\/photovoltaic-2138992_1920-1024x674.jpg\" alt=\"\" class=\"wp-image-119\" srcset=\"https:\/\/wikoenergia.pl\/wp-content\/uploads\/2023\/06\/photovoltaic-2138992_1920-1024x674.jpg 1024w, https:\/\/wikoenergia.pl\/wp-content\/uploads\/2023\/06\/photovoltaic-2138992_1920-300x197.jpg 300w, https:\/\/wikoenergia.pl\/wp-content\/uploads\/2023\/06\/photovoltaic-2138992_1920-768x505.jpg 768w, https:\/\/wikoenergia.pl\/wp-content\/uploads\/2023\/06\/photovoltaic-2138992_1920-1536x1010.jpg 1536w, https:\/\/wikoenergia.pl\/wp-content\/uploads\/2023\/06\/photovoltaic-2138992_1920.jpg 1920w\" sizes=\"(max-width: 1024px) 100vw, 1024px\" \/><\/figure>\n\n\n\n<div class=\"wp-block-cover is-light\"><span aria-hidden=\"true\" class=\"wp-block-cover__background has-background-dim-0 has-background-dim\" style=\"background-color:#FFF\"><\/span><div class=\"wp-block-cover__inner-container is-layout-flow wp-block-cover-is-layout-flow\">\n<div class=\"wp-block-group has-global-padding is-layout-constrained wp-container-core-group-is-layout-f4f3c486 wp-block-group-is-layout-constrained\" style=\"padding-top:60px;padding-right:20px;padding-bottom:60px;padding-left:20px\">\n<div class=\"wp-block-group alignwide has-background-color has-white-background-color has-text-color has-background has-link-color wp-elements-a188289be1373a427a942a93159df27d is-layout-flow wp-block-group-is-layout-flow\" style=\"border-radius:12px;margin-top:0px;margin-bottom:0px;padding-top:20px;padding-right:20px;padding-bottom:40px;padding-left:20px\">\n<div class=\"wp-block-columns is-layout-flex wp-container-core-columns-is-layout-28f84493 wp-block-columns-is-layout-flex\">\n<div class=\"wp-block-column is-layout-flow wp-block-column-is-layout-flow\">\n<div class=\"wp-block-group has-global-padding is-layout-constrained wp-block-group-is-layout-constrained\">\n<h4 class=\"wp-block-heading has-regular-font-size\">BIURO SPRZEDA\u017bY: <\/h4>\n\n\n\n<hr class=\"wp-block-separator has-text-color has-primary-color has-alpha-channel-opacity has-primary-background-color has-background is-style-wide\"\/>\n\n\n\n<div class=\"wp-block-group is-nowrap is-layout-flex wp-container-core-group-is-layout-fc054d2d wp-block-group-is-layout-flex\">\n<figure class=\"wp-block-image size-full\"><img decoding=\"async\" src=\"https:\/\/wikoenergia.pl\/wp-content\/themes\/greengrass\/images\/map-foo.png\" alt=\"\" class=\"wp-image-897\"\/><\/figure>\n\n\n\n<p><a href=\"https:\/\/wikoenergia.pl\/?page_id=14\">ul. Westerplatte 20,<br>Siemianowice \u015al\u0105skie 41-100<\/a><\/p>\n<\/div>\n\n\n\n<div class=\"wp-block-group is-nowrap is-layout-flex wp-container-core-group-is-layout-389f60b3 wp-block-group-is-layout-flex\" style=\"padding-top:0;padding-right:0;padding-bottom:0;padding-left:0\">\n<figure class=\"wp-block-image size-full\"><img decoding=\"async\" src=\"https:\/\/wikoenergia.pl\/wp-content\/themes\/greengrass\/images\/phone-foo.png\" alt=\"\" class=\"wp-image-898\"\/><\/figure>\n\n\n\n<p><a href=\"tel:504388938\">+48 504388938<\/a> | <a href=\"tel:501399074\">+48 501399074<\/a><\/p>\n<\/div>\n\n\n\n<div class=\"wp-block-group is-nowrap is-layout-flex wp-container-core-group-is-layout-389f60b3 wp-block-group-is-layout-flex\" style=\"padding-top:0;padding-right:0;padding-bottom:0;padding-left:0\">\n<figure class=\"wp-block-image size-full\"><img decoding=\"async\" src=\"https:\/\/wikoenergia.pl\/wp-content\/themes\/greengrass\/images\/envelope-foo.png\" alt=\"\" class=\"wp-image-899\"\/><\/figure>\n\n\n\n<p><a href=\"mailto:biuro@wikoenergia.pl\"><a href=\"mailto:biuro@wikoenergia.pl\">biuro@wikoenergia.pl<\/a><\/a><\/p>\n<\/div>\n<\/div>\n<\/div>\n<\/div>\n<\/div>\n<\/div>\n<\/div><\/div>\n\n\n<div class=\"wpforms-container wpforms-container-full wpforms-block wpforms-block-8245a5e5-b764-467e-b715-6fa2814587cb wpforms-render-modern\" id=\"wpforms-155\"><form id=\"wpforms-form-155\" class=\"wpforms-validate wpforms-form wpforms-ajax-form\" data-formid=\"155\" method=\"post\" enctype=\"multipart\/form-data\" action=\"\/index.php?rest_route=%2Fwp%2Fv2%2Fpages%2F189\" data-token=\"51ed51e13b0af96b2ce78a965ff0f10c\" data-token-time=\"1776426894\"><noscript class=\"wpforms-error-noscript\">Aby wype\u0142ni\u0107 ten formularz, w\u0142\u0105cz obs\u0142ug\u0119 JavaScript w przegl\u0105darce.<\/noscript><div class=\"wpforms-hidden\" id=\"wpforms-error-noscript\">Aby wype\u0142ni\u0107 ten formularz, w\u0142\u0105cz obs\u0142ug\u0119 JavaScript w przegl\u0105darce.<\/div><div class=\"wpforms-field-container\"><div id=\"wpforms-155-field_1-container\" class=\"wpforms-field wpforms-field-name\" data-field-id=\"1\"><fieldset><legend class=\"wpforms-field-label\">Imi\u0119 i nazwisko <span class=\"wpforms-required-label\" aria-hidden=\"true\">*<\/span><\/legend><div class=\"wpforms-field-row wpforms-field-medium\"><div class=\"wpforms-field-row-block wpforms-first wpforms-one-half\"><input type=\"text\" id=\"wpforms-155-field_1\" class=\"wpforms-field-name-first wpforms-field-required\" name=\"wpforms[fields][1][first]\" placeholder=\"Wpisz imi\u0119\" aria-errormessage=\"wpforms-155-field_1-error\" required><label for=\"wpforms-155-field_1\" class=\"wpforms-field-sublabel after\">Imi\u0119<\/label><\/div><div class=\"wpforms-field-row-block wpforms-one-half\"><input type=\"text\" id=\"wpforms-155-field_1-last\" class=\"wpforms-field-name-last wpforms-field-required\" name=\"wpforms[fields][1][last]\" placeholder=\"Wpisz nazwisko\" aria-errormessage=\"wpforms-155-field_1-last-error\" required><label for=\"wpforms-155-field_1-last\" class=\"wpforms-field-sublabel after\">Nazwisko<\/label><\/div><\/div><\/fieldset><\/div><div id=\"wpforms-155-field_2-container\" class=\"wpforms-field wpforms-field-email\" data-field-id=\"2\"><label class=\"wpforms-field-label\" for=\"wpforms-155-field_2\">E-mail <span class=\"wpforms-required-label\" aria-hidden=\"true\">*<\/span><\/label><input type=\"email\" id=\"wpforms-155-field_2\" class=\"wpforms-field-medium wpforms-field-required\" name=\"wpforms[fields][2]\" placeholder=\"Wprowad\u017a tw\u00f3j adres e-mail\" spellcheck=\"false\" aria-errormessage=\"wpforms-155-field_2-error\" required><\/div><div id=\"wpforms-155-field_3-container\" class=\"wpforms-field wpforms-field-text\" data-field-id=\"3\"><label class=\"wpforms-field-label\" for=\"wpforms-155-field_3\">Temat <span class=\"wpforms-required-label\" aria-hidden=\"true\">*<\/span><\/label><input type=\"text\" id=\"wpforms-155-field_3\" class=\"wpforms-field-medium wpforms-field-required\" name=\"wpforms[fields][3]\" placeholder=\"Wpisz temat wiadomo\u015b\u0107i\" aria-errormessage=\"wpforms-155-field_3-error\" required><\/div><div id=\"wpforms-155-field_4-container\" class=\"wpforms-field wpforms-field-textarea\" data-field-id=\"4\"><label class=\"wpforms-field-label\" for=\"wpforms-155-field_4\">Tre\u015b\u0107 wiadomo\u015bci <span class=\"wpforms-required-label\" aria-hidden=\"true\">*<\/span><\/label><textarea id=\"wpforms-155-field_4\" class=\"wpforms-field-medium wpforms-field-required\" name=\"wpforms[fields][4]\" placeholder=\"Wpisz twoj\u0105 wiadomo\u015b\u0107 do nas\" aria-errormessage=\"wpforms-155-field_4-error\" required><\/textarea><\/div><\/div><!-- .wpforms-field-container --><div class=\"wpforms-recaptcha-container wpforms-is-recaptcha wpforms-is-recaptcha-type-v3\" ><input type=\"hidden\" name=\"wpforms[recaptcha]\" value=\"\"><\/div><div class=\"wpforms-submit-container\" ><input type=\"hidden\" name=\"wpforms[id]\" value=\"155\"><input type=\"hidden\" name=\"page_title\" value=\"\"><input type=\"hidden\" name=\"page_url\" value=\"https:\/\/wikoenergia.pl\/index.php?rest_route=\/wp\/v2\/pages\/189\"><input type=\"hidden\" name=\"url_referer\" value=\"\"><button type=\"submit\" name=\"wpforms[submit]\" id=\"wpforms-submit-155\" class=\"wpforms-submit\" data-alt-text=\"Wysy\u0142anie...\" data-submit-text=\"Prze\u015blij\" aria-live=\"assertive\" value=\"wpforms-submit\">Prze\u015blij<\/button><img decoding=\"async\" src=\"https:\/\/wikoenergia.pl\/wp-content\/plugins\/wpforms-lite\/assets\/images\/submit-spin.svg\" class=\"wpforms-submit-spinner\" style=\"display: none;\" width=\"26\" height=\"26\" alt=\"Wczytywanie\"><\/div><\/form><\/div>  <!-- .wpforms-container -->","protected":false},"excerpt":{"rendered":"<p>Dzi\u0119ki wieloletniemu do\u015bwiadczeniu, kontaktom oraz wsp\u00f3\u0142pracy z producentami zajmujemy si\u0119 r\u00f3wnie\u017c sprzeda\u017c\u0105 paneli fotowoltaicznych oraz magazyn\u00f3w energii i falownik\u00f3w. Jeste\u015bmy bezpo\u015brednim importerem z Chin paneli firmy Kingdom Solar oraz magazyn\u00f3w energii i falownik\u00f3w firmy CSE. Posiadamy w swojej ofercie panele, magazyny energii i falowniki o r\u00f3\u017cnych mocach, parametrach i w\u0142a\u015bciwo\u015bciach.<\/p>\n","protected":false},"author":1,"featured_media":0,"parent":0,"menu_order":0,"comment_status":"closed","ping_status":"closed","template":"","meta":{"footnotes":""},"class_list":["post-189","page","type-page","status-publish","hentry"],"yoast_head":"<!-- This site is optimized with the Yoast SEO plugin v24.7 - https:\/\/yoast.com\/wordpress\/plugins\/seo\/ -->\n<title>Sprzeda\u017c - Wiko Energia<\/title>\n<meta name=\"robots\" content=\"index, follow, max-snippet:-1, max-image-preview:large, max-video-preview:-1\" \/>\n<link rel=\"canonical\" href=\"https:\/\/wikoenergia.pl\/?page_id=189\" \/>\n<meta property=\"og:locale\" content=\"pl_PL\" \/>\n<meta property=\"og:type\" content=\"article\" \/>\n<meta property=\"og:title\" content=\"Sprzeda\u017c - Wiko Energia\" \/>\n<meta property=\"og:description\" content=\"Dzi\u0119ki wieloletniemu do\u015bwiadczeniu, kontaktom oraz wsp\u00f3\u0142pracy z producentami zajmujemy si\u0119 r\u00f3wnie\u017c sprzeda\u017c\u0105 paneli fotowoltaicznych oraz magazyn\u00f3w energii i falownik\u00f3w. Jeste\u015bmy bezpo\u015brednim importerem z Chin paneli firmy Kingdom Solar oraz magazyn\u00f3w energii i falownik\u00f3w firmy CSE. Posiadamy w swojej ofercie panele, magazyny energii i falowniki o r\u00f3\u017cnych mocach, parametrach i w\u0142a\u015bciwo\u015bciach.\" \/>\n<meta property=\"og:url\" content=\"https:\/\/wikoenergia.pl\/?page_id=189\" \/>\n<meta property=\"og:site_name\" content=\"Wiko Energia\" \/>\n<meta property=\"article:modified_time\" content=\"2025-05-07T16:19:03+00:00\" \/>\n<meta property=\"og:image\" content=\"http:\/\/wikoenergia.pl\/wp-content\/uploads\/2023\/06\/photovoltaic-2138992_1920-1024x674.jpg\" \/>\n<meta name=\"twitter:card\" content=\"summary_large_image\" \/>\n<meta name=\"twitter:label1\" content=\"Szacowany czas czytania\" \/>\n\t<meta name=\"twitter:data1\" content=\"2 minuty\" \/>\n<script type=\"application\/ld+json\" class=\"yoast-schema-graph\">{\"@context\":\"https:\/\/schema.org\",\"@graph\":[{\"@type\":\"WebPage\",\"@id\":\"https:\/\/wikoenergia.pl\/?page_id=189\",\"url\":\"https:\/\/wikoenergia.pl\/?page_id=189\",\"name\":\"Sprzeda\u017c - Wiko Energia\",\"isPartOf\":{\"@id\":\"https:\/\/wikoenergia.pl\/#website\"},\"primaryImageOfPage\":{\"@id\":\"https:\/\/wikoenergia.pl\/?page_id=189#primaryimage\"},\"image\":{\"@id\":\"https:\/\/wikoenergia.pl\/?page_id=189#primaryimage\"},\"thumbnailUrl\":\"http:\/\/wikoenergia.pl\/wp-content\/uploads\/2023\/06\/photovoltaic-2138992_1920-1024x674.jpg\",\"datePublished\":\"2023-11-23T11:28:50+00:00\",\"dateModified\":\"2025-05-07T16:19:03+00:00\",\"breadcrumb\":{\"@id\":\"https:\/\/wikoenergia.pl\/?page_id=189#breadcrumb\"},\"inLanguage\":\"pl-PL\",\"potentialAction\":[{\"@type\":\"ReadAction\",\"target\":[\"https:\/\/wikoenergia.pl\/?page_id=189\"]}]},{\"@type\":\"ImageObject\",\"inLanguage\":\"pl-PL\",\"@id\":\"https:\/\/wikoenergia.pl\/?page_id=189#primaryimage\",\"url\":\"http:\/\/wikoenergia.pl\/wp-content\/uploads\/2023\/06\/photovoltaic-2138992_1920-1024x674.jpg\",\"contentUrl\":\"http:\/\/wikoenergia.pl\/wp-content\/uploads\/2023\/06\/photovoltaic-2138992_1920-1024x674.jpg\"},{\"@type\":\"BreadcrumbList\",\"@id\":\"https:\/\/wikoenergia.pl\/?page_id=189#breadcrumb\",\"itemListElement\":[{\"@type\":\"ListItem\",\"position\":1,\"name\":\"Home\",\"item\":\"https:\/\/wikoenergia.pl\/\"},{\"@type\":\"ListItem\",\"position\":2,\"name\":\"Sprzeda\u017c\"}]},{\"@type\":\"WebSite\",\"@id\":\"https:\/\/wikoenergia.pl\/#website\",\"url\":\"https:\/\/wikoenergia.pl\/\",\"name\":\"Wiko Energia\",\"description\":\"\",\"publisher\":{\"@id\":\"https:\/\/wikoenergia.pl\/#organization\"},\"potentialAction\":[{\"@type\":\"SearchAction\",\"target\":{\"@type\":\"EntryPoint\",\"urlTemplate\":\"https:\/\/wikoenergia.pl\/?s={search_term_string}\"},\"query-input\":{\"@type\":\"PropertyValueSpecification\",\"valueRequired\":true,\"valueName\":\"search_term_string\"}}],\"inLanguage\":\"pl-PL\"},{\"@type\":\"Organization\",\"@id\":\"https:\/\/wikoenergia.pl\/#organization\",\"name\":\"Wiko Energia\",\"url\":\"https:\/\/wikoenergia.pl\/\",\"logo\":{\"@type\":\"ImageObject\",\"inLanguage\":\"pl-PL\",\"@id\":\"https:\/\/wikoenergia.pl\/#\/schema\/logo\/image\/\",\"url\":\"https:\/\/wikoenergia.pl\/wp-content\/uploads\/2023\/06\/wiko-energia.png\",\"contentUrl\":\"https:\/\/wikoenergia.pl\/wp-content\/uploads\/2023\/06\/wiko-energia.png\",\"width\":888,\"height\":486,\"caption\":\"Wiko Energia\"},\"image\":{\"@id\":\"https:\/\/wikoenergia.pl\/#\/schema\/logo\/image\/\"}}]}<\/script>\n<!-- \/ Yoast SEO plugin. -->","yoast_head_json":{"title":"Sprzeda\u017c - Wiko Energia","robots":{"index":"index","follow":"follow","max-snippet":"max-snippet:-1","max-image-preview":"max-image-preview:large","max-video-preview":"max-video-preview:-1"},"canonical":"https:\/\/wikoenergia.pl\/?page_id=189","og_locale":"pl_PL","og_type":"article","og_title":"Sprzeda\u017c - Wiko Energia","og_description":"Dzi\u0119ki wieloletniemu do\u015bwiadczeniu, kontaktom oraz wsp\u00f3\u0142pracy z producentami zajmujemy si\u0119 r\u00f3wnie\u017c sprzeda\u017c\u0105 paneli fotowoltaicznych oraz magazyn\u00f3w energii i falownik\u00f3w. Jeste\u015bmy bezpo\u015brednim importerem z Chin paneli firmy Kingdom Solar oraz magazyn\u00f3w energii i falownik\u00f3w firmy CSE. Posiadamy w swojej ofercie panele, magazyny energii i falowniki o r\u00f3\u017cnych mocach, parametrach i w\u0142a\u015bciwo\u015bciach.","og_url":"https:\/\/wikoenergia.pl\/?page_id=189","og_site_name":"Wiko Energia","article_modified_time":"2025-05-07T16:19:03+00:00","og_image":[{"url":"http:\/\/wikoenergia.pl\/wp-content\/uploads\/2023\/06\/photovoltaic-2138992_1920-1024x674.jpg","type":"","width":"","height":""}],"twitter_card":"summary_large_image","twitter_misc":{"Szacowany czas czytania":"2 minuty"},"schema":{"@context":"https:\/\/schema.org","@graph":[{"@type":"WebPage","@id":"https:\/\/wikoenergia.pl\/?page_id=189","url":"https:\/\/wikoenergia.pl\/?page_id=189","name":"Sprzeda\u017c - Wiko Energia","isPartOf":{"@id":"https:\/\/wikoenergia.pl\/#website"},"primaryImageOfPage":{"@id":"https:\/\/wikoenergia.pl\/?page_id=189#primaryimage"},"image":{"@id":"https:\/\/wikoenergia.pl\/?page_id=189#primaryimage"},"thumbnailUrl":"http:\/\/wikoenergia.pl\/wp-content\/uploads\/2023\/06\/photovoltaic-2138992_1920-1024x674.jpg","datePublished":"2023-11-23T11:28:50+00:00","dateModified":"2025-05-07T16:19:03+00:00","breadcrumb":{"@id":"https:\/\/wikoenergia.pl\/?page_id=189#breadcrumb"},"inLanguage":"pl-PL","potentialAction":[{"@type":"ReadAction","target":["https:\/\/wikoenergia.pl\/?page_id=189"]}]},{"@type":"ImageObject","inLanguage":"pl-PL","@id":"https:\/\/wikoenergia.pl\/?page_id=189#primaryimage","url":"http:\/\/wikoenergia.pl\/wp-content\/uploads\/2023\/06\/photovoltaic-2138992_1920-1024x674.jpg","contentUrl":"http:\/\/wikoenergia.pl\/wp-content\/uploads\/2023\/06\/photovoltaic-2138992_1920-1024x674.jpg"},{"@type":"BreadcrumbList","@id":"https:\/\/wikoenergia.pl\/?page_id=189#breadcrumb","itemListElement":[{"@type":"ListItem","position":1,"name":"Home","item":"https:\/\/wikoenergia.pl\/"},{"@type":"ListItem","position":2,"name":"Sprzeda\u017c"}]},{"@type":"WebSite","@id":"https:\/\/wikoenergia.pl\/#website","url":"https:\/\/wikoenergia.pl\/","name":"Wiko Energia","description":"","publisher":{"@id":"https:\/\/wikoenergia.pl\/#organization"},"potentialAction":[{"@type":"SearchAction","target":{"@type":"EntryPoint","urlTemplate":"https:\/\/wikoenergia.pl\/?s={search_term_string}"},"query-input":{"@type":"PropertyValueSpecification","valueRequired":true,"valueName":"search_term_string"}}],"inLanguage":"pl-PL"},{"@type":"Organization","@id":"https:\/\/wikoenergia.pl\/#organization","name":"Wiko Energia","url":"https:\/\/wikoenergia.pl\/","logo":{"@type":"ImageObject","inLanguage":"pl-PL","@id":"https:\/\/wikoenergia.pl\/#\/schema\/logo\/image\/","url":"https:\/\/wikoenergia.pl\/wp-content\/uploads\/2023\/06\/wiko-energia.png","contentUrl":"https:\/\/wikoenergia.pl\/wp-content\/uploads\/2023\/06\/wiko-energia.png","width":888,"height":486,"caption":"Wiko Energia"},"image":{"@id":"https:\/\/wikoenergia.pl\/#\/schema\/logo\/image\/"}}]}},"_links":{"self":[{"href":"https:\/\/wikoenergia.pl\/index.php?rest_route=\/wp\/v2\/pages\/189","targetHints":{"allow":["GET"]}}],"collection":[{"href":"https:\/\/wikoenergia.pl\/index.php?rest_route=\/wp\/v2\/pages"}],"about":[{"href":"https:\/\/wikoenergia.pl\/index.php?rest_route=\/wp\/v2\/types\/page"}],"author":[{"embeddable":true,"href":"https:\/\/wikoenergia.pl\/index.php?rest_route=\/wp\/v2\/users\/1"}],"replies":[{"embeddable":true,"href":"https:\/\/wikoenergia.pl\/index.php?rest_route=%2Fwp%2Fv2%2Fcomments&post=189"}],"version-history":[{"count":6,"href":"https:\/\/wikoenergia.pl\/index.php?rest_route=\/wp\/v2\/pages\/189\/revisions"}],"predecessor-version":[{"id":211,"href":"https:\/\/wikoenergia.pl\/index.php?rest_route=\/wp\/v2\/pages\/189\/revisions\/211"}],"wp:attachment":[{"href":"https:\/\/wikoenergia.pl\/index.php?rest_route=%2Fwp%2Fv2%2Fmedia&parent=189"}],"curies":[{"name":"wp","href":"https:\/\/api.w.org\/{rel}","templated":true}]}}